{"id":1763,"date":"2024-05-14T13:55:52","date_gmt":"2024-05-14T10:55:52","guid":{"rendered":"https:\/\/artavise.com\/?page_id=1763"},"modified":"2024-05-17T11:50:24","modified_gmt":"2024-05-17T08:50:24","slug":"terms-conditions","status":"publish","type":"page","link":"https:\/\/artavise.com\/tr\/terms-conditions\/","title":{"rendered":"H\u00fck\u00fcm ve Ko\u015fullar"},"content":{"rendered":"<div data-elementor-type=\"wp-page\" data-elementor-id=\"1763\" class=\"elementor elementor-1763\">\n\t\t\t\t<div class=\"elementor-element elementor-element-7a78cb8c e-flex e-con-boxed e-con e-parent\" data-id=\"7a78cb8c\" data-element_type=\"container\" data-e-type=\"container\">\n\t\t\t\t\t<div class=\"e-con-inner\">\n\t\t\t\t<div class=\"elementor-element elementor-element-7a75fb21 elementor-widget elementor-widget-text-editor\" data-id=\"7a75fb21\" data-element_type=\"widget\" data-e-type=\"widget\" data-widget_type=\"text-editor.default\">\n\t\t\t\t<div class=\"elementor-widget-container\">\n\t\t\t\t\t\t\t\t\t<p><\/p>\n<h3 class=\"wp-block-heading\"><strong style=\"text-align: var(--text-align); background-color: ; color: rgb(71, 66, 93); font-family: -apple-system, BlinkMacSystemFont, &quot;Segoe UI&quot;, Roboto, Oxygen-Sans, Ubuntu, Cantarell, &quot;Helvetica Neue&quot;, sans-serif; font-size: 16px;\">Y\u00fcr\u00fcrl\u00fck Tarihi: 01-May\u0131s-2024<\/strong><br><\/h3>\n<p><\/p>\n<p><\/p>\n<p class=\"\"><strong>Giri\u015f<\/strong><\/p>\n<p><\/p>\n<p><\/p>\n<p class=\"\">Artavise.com'a (\"Web Sitesi\") ho\u015f geldiniz. Bu \u015eartlar ve Ko\u015fullar (\"\u015eartlar\"), Artavise (\"\u015eirket\", \"biz\", \"bize\" veya \"bizim\") taraf\u0131ndan sa\u011flanan Web Sitesine ve hizmetlere eri\u015fiminizi ve bunlar\u0131 kullan\u0131m\u0131n\u0131z\u0131 y\u00f6netir. Web sitemize ve hizmetlerimize eri\u015ferek veya bunlar\u0131 kullanarak, bu \u015eartlara tabi olmay\u0131 kabul etmi\u015f olursunuz. Bu \u015eartlar\u0131n herhangi bir b\u00f6l\u00fcm\u00fcn\u00fc kabul etmiyorsan\u0131z, l\u00fctfen Web Sitemizi veya hizmetlerimizi kullanmay\u0131n\u0131z.<\/p>\n<p><\/p>\n<p><\/p>\n<p class=\"\"><strong>1. Hizmetler<\/strong><\/p>\n<p><\/p>\n<p><\/p>\n<p class=\"\">Artavise, strateji, pazarlama, sat\u0131\u015f, organizasyon ve i\u015f geli\u015ftirme dahil ancak bunlarla s\u0131n\u0131rl\u0131 olmamak \u00fczere \u015firketler i\u00e7in y\u00f6netim dan\u0131\u015fmanl\u0131\u011f\u0131 hizmetleri sunmaktad\u0131r. Hizmetlerimiz, bu \u015eartlara ve hizmetlerimizle ba\u011flant\u0131l\u0131 olarak size sa\u011flanan di\u011fer y\u00f6nergelere, kurallara veya s\u00f6zle\u015fmelere tabidir.<\/p>\n<p><\/p>\n<p><\/p>\n<p class=\"\"><strong>2. Web Sitesinin Kullan\u0131m\u0131<\/strong><\/p>\n<p><\/p>\n<p><\/p>\n<ul class=\"wp-block-list\"><p><\/p>\n<li class=\"\"><strong>Uygunluk<\/strong>: Web sitemizi ve hizmetlerimizi kullanmak i\u00e7in en az 18 ya\u015f\u0131nda olman\u0131z ve bu Ko\u015fullar\u0131 kabul etmek i\u00e7in yasal ehliyete sahip olman\u0131z gerekir.<\/li>\n<p><\/p>\n<p><\/p>\n<li class=\"\"><strong>Hesap Kayd\u0131<\/strong>: Web sitemizin baz\u0131 \u00f6zellikleri bir hesap a\u00e7man\u0131z\u0131 gerektirebilir. Kay\u0131t i\u015flemi s\u0131ras\u0131nda do\u011fru, g\u00fcncel ve eksiksiz bilgi vermeyi ve gerekti\u011finde bu bilgileri g\u00fcncellemeyi kabul edersiniz.<\/li>\n<p><\/p>\n<p><\/p>\n<li class=\"\"><strong>Kullan\u0131c\u0131 Davran\u0131\u015flar\u0131<\/strong>: Web Sitesini herhangi bir yasad\u0131\u015f\u0131 ama\u00e7 i\u00e7in veya Web Sitesinin veya hizmetlerin i\u015fleyi\u015fine zarar verebilecek, bozabilecek veya m\u00fcdahale edebilecek herhangi bir \u015fekilde kullanmamay\u0131 kabul edersiniz. Yasaklanan faaliyetler aras\u0131nda, bunlarla s\u0131n\u0131rl\u0131 olmamak \u00fczere, zararl\u0131 veya yasa d\u0131\u015f\u0131 i\u00e7erik iletmek, yetkisiz eri\u015fimde bulunmak veya Web Sitesini ba\u015fkalar\u0131n\u0131 taciz etmek veya zarar vermek i\u00e7in kullanmak yer al\u0131r.<\/li>\n<p><\/p>\n<\/ul>\n<p><\/p>\n<p><\/p>\n<p class=\"\"><strong>3. Fikri M\u00fclkiyet<\/strong><\/p>\n<p><\/p>\n<p><\/p>\n<p class=\"\">Metin, grafik, logo ve yaz\u0131l\u0131m dahil olmak \u00fczere Web Sitesindeki t\u00fcm i\u00e7erik ve materyaller, Artavise veya lisans verenlerinin m\u00fclkiyetindedir ve fikri m\u00fclkiyet yasalar\u0131 ile korunmaktad\u0131r. \u00d6nceden yaz\u0131l\u0131 iznimiz olmadan Web Sitesindeki herhangi bir i\u00e7eri\u011fi \u00e7o\u011faltamaz, da\u011f\u0131tamaz, de\u011fi\u015ftiremez veya bunlardan t\u00fcrev \u00e7al\u0131\u015fmalar olu\u015fturamazs\u0131n\u0131z.<\/p>\n<p><\/p>\n<p><\/p>\n<p class=\"\"><strong>4. Gizlilik<\/strong><\/p>\n<p><\/p>\n<p><\/p>\n<p class=\"\">Web Sitesini kullan\u0131m\u0131n\u0131z, ki\u015fisel verilerinizi nas\u0131l toplad\u0131\u011f\u0131m\u0131z\u0131, kulland\u0131\u011f\u0131m\u0131z\u0131 ve korudu\u011fumuzu a\u00e7\u0131klayan Gizlilik Politikam\u0131z taraf\u0131ndan da y\u00f6netilmektedir. Web Sitesini kullanarak, verilerinizi Gizlilik Politikas\u0131nda belirtildi\u011fi \u015fekilde toplamam\u0131za ve kullanmam\u0131za izin vermi\u015f olursunuz.<\/p>\n<p><\/p>\n<p><\/p>\n<p class=\"\"><strong>5. Sorumluluk Reddi ve S\u0131n\u0131rland\u0131r\u0131lmas\u0131<\/strong><\/p>\n<p><\/p>\n<p><\/p>\n<ul class=\"wp-block-list\"><p><\/p>\n<li class=\"\"><strong>Garanti Yoktur<\/strong>: Web sitesi ve hizmetler \"oldu\u011fu gibi\" ve \"mevcut oldu\u011fu gibi\" esas\u0131na g\u00f6re sa\u011flanmaktad\u0131r. Web Sitesi veya hizmetlerle ilgili olarak, sat\u0131labilirlik, belirli bir amaca uygunluk veya ihlal etmeme garantileri dahil ancak bunlarla s\u0131n\u0131rl\u0131 olmamak \u00fczere, a\u00e7\u0131k veya z\u0131mni hi\u00e7bir garanti vermiyoruz.<\/li>\n<p><\/p>\n<p><\/p>\n<li class=\"\"><strong>Sorumlulu\u011fun S\u0131n\u0131rland\u0131r\u0131lmas\u0131<\/strong>: Yasalar\u0131n izin verdi\u011fi azami \u00f6l\u00e7\u00fcde, Artavise, Web Sitesini veya hizmetleri kullan\u0131m\u0131n\u0131zdan kaynaklanan veya bunlarla ba\u011flant\u0131l\u0131 olarak ortaya \u00e7\u0131kan do\u011frudan, dolayl\u0131, ar\u0131zi, sonu\u00e7 olarak ortaya \u00e7\u0131kan veya cezai zararlardan sorumlu olmayacakt\u0131r.<\/li>\n<p><\/p>\n<\/ul>\n<p><\/p>\n<p><\/p>\n<p class=\"\"><strong>6. Tazminat<\/strong><\/p>\n<p><\/p>\n<p><\/p>\n<p class=\"\">Artavise'i, yetkililerini, y\u00f6neticilerini, \u00e7al\u0131\u015fanlar\u0131n\u0131 ve temsilcilerini, Web Sitesini veya hizmetleri kullan\u0131m\u0131n\u0131zdan veya bu \u015eartlar\u0131 ihlal etmenizden kaynaklanan veya bunlarla herhangi bir \u015fekilde ba\u011flant\u0131l\u0131 olan makul avukatl\u0131k \u00fccretleri de dahil olmak \u00fczere her t\u00fcrl\u00fc talep, y\u00fck\u00fcml\u00fcl\u00fck, zarar, ziyan ve masraflara kar\u015f\u0131 tazmin etmeyi, savunmay\u0131 ve zarars\u0131z tutmay\u0131 kabul edersiniz.<\/p>\n<p><\/p>\n<p><\/p>\n<p class=\"\"><strong>7. Fesih<\/strong><\/p>\n<p><\/p>\n<p><\/p>\n<p class=\"\">Bu \u015eartlar\u0131 ihlal etti\u011fine veya di\u011fer kullan\u0131c\u0131lara, bize veya \u00fc\u00e7\u00fcnc\u00fc taraflara zarar verdi\u011fine inand\u0131\u011f\u0131m\u0131z davran\u0131\u015flar nedeniyle veya tamamen kendi takdirimize ba\u011fl\u0131 olarak ba\u015fka herhangi bir nedenle, Web Sitesine ve hizmetlere eri\u015fiminizi herhangi bir zamanda, bildirimde bulunmaks\u0131z\u0131n sonland\u0131rma veya ask\u0131ya alma hakk\u0131m\u0131z\u0131 sakl\u0131 tutar\u0131z.<\/p>\n<p><\/p>\n<p><\/p>\n<p class=\"\"><strong>8. Ge\u00e7erli Hukuk ve Uyu\u015fmazl\u0131klar\u0131n \u00c7\u00f6z\u00fcm\u00fc<\/strong><\/p>\n<p><\/p>\n<p><\/p>\n<p class=\"\">Bu Ko\u015fullar, kanunlar ihtilaf\u0131 ilkelerine bak\u0131lmaks\u0131z\u0131n, T\u00fcrkiye kanunlar\u0131na g\u00f6re y\u00f6netilecek ve yorumlanacakt\u0131r. Bu Ko\u015fullardan veya Web Sitesini veya hizmetleri kullan\u0131m\u0131n\u0131zdan kaynaklanan veya bunlarla ilgili her t\u00fcrl\u00fc ihtilaf, m\u00fcnhas\u0131ran \u0130zmir, T\u00fcrkiye'de bulunan mahkemelerde \u00e7\u00f6z\u00fclecektir.<\/p>\n<p><\/p>\n<p><\/p>\n<p class=\"\"><strong>9. \u015eartlarda Yap\u0131lan De\u011fi\u015fiklikler<\/strong><\/p>\n<p><\/p>\n<p><\/p>\n<p class=\"\">Bu \u015eartlar\u0131 zaman zaman g\u00fcncelleyebiliriz. Herhangi bir de\u011fi\u015fiklik, g\u00fcncellenmi\u015f bir y\u00fcr\u00fcrl\u00fck tarihi ile bu sayfada yay\u0131nlanacakt\u0131r. De\u011fi\u015fikliklerin yay\u0131nlanmas\u0131n\u0131n ard\u0131ndan Web Sitesini kullanmaya devam etmeniz, bu de\u011fi\u015fiklikleri kabul etti\u011finiz anlam\u0131na gelir.<\/p>\n<p><\/p>\n<p><\/p>\n<p class=\"\"><strong>10. \u0130leti\u015fim Bilgileri<\/strong><\/p>\n<p><\/p>\n<p><\/p>\n<p class=\"\">Bu Ko\u015fullar veya hizmetlerimiz hakk\u0131nda herhangi bir sorunuz veya endi\u015feniz varsa, l\u00fctfen bizimle \u015fu adresten ileti\u015fime ge\u00e7in:<\/p>\n<p><\/p>\n<p><\/p>\n<p class=\"\">Artavise olarak<br>Camli Mahallesi, Yakut Sokak, No: 2F,<br>Guzelbahce, Izmir, Turkiye<br>Email: <a>artavise@outlook.com<\/a><\/p>\n<p><\/p>\n<p><\/p>\n<p class=\"\">Artavise'i tercih etti\u011finiz i\u00e7in te\u015fekk\u00fcr ederiz. Size ola\u011fan\u00fcst\u00fc y\u00f6netim dan\u0131\u015fmanl\u0131\u011f\u0131 hizmetleri sunmak i\u00e7in sab\u0131rs\u0131zlan\u0131yoruz.<\/p>\n<p><\/p>\t\t\t\t\t\t\t\t<\/div>\n\t\t\t\t<\/div>\n\t\t\t\t\t<\/div>\n\t\t\t\t<\/div>\n\t\t\t\t<\/div>","protected":false},"excerpt":{"rendered":"<p>Effective Date: May 1, 2024 Introduction Welcome to Artavise.com (&#8220;Website&#8221;). These Terms and Conditions (&#8220;Terms&#8221;) govern your access to and use of [&hellip;]<\/p>\n","protected":false},"author":1,"featured_media":0,"parent":0,"menu_order":0,"comment_status":"closed","ping_status":"closed","template":"","meta":{"nf_dc_page":"","content-type":"","footnotes":""},"class_list":["post-1763","page","type-page","status-publish","hentry"],"yoast_head":"<!-- This site is optimized with the Yoast SEO plugin v27.4 - https:\/\/yoast.com\/product\/yoast-seo-wordpress\/ -->\n<title>Terms &amp; Conditions - Artavise Management Consulting<\/title>\n<meta name=\"robots\" content=\"index, follow, max-snippet:-1, max-image-preview:large, max-video-preview:-1\" \/>\n<link rel=\"canonical\" href=\"https:\/\/artavise.com\/tr\/terms-conditions\/\" \/>\n<meta property=\"og:locale\" content=\"tr_TR\" \/>\n<meta property=\"og:type\" content=\"article\" \/>\n<meta property=\"og:title\" content=\"Terms &amp; Conditions - Artavise Management Consulting\" \/>\n<meta property=\"og:description\" content=\"Effective Date: May 1, 2024 Introduction Welcome to Artavise.com (&#8220;Website&#8221;). These Terms and Conditions (&#8220;Terms&#8221;) govern your access to and use of [&hellip;]\" \/>\n<meta property=\"og:url\" content=\"https:\/\/artavise.com\/tr\/terms-conditions\/\" \/>\n<meta property=\"og:site_name\" content=\"Artavise Management Consulting\" \/>\n<meta property=\"article:modified_time\" content=\"2024-05-17T08:50:24+00:00\" \/>\n<meta name=\"twitter:card\" content=\"summary_large_image\" \/>\n<meta name=\"twitter:label1\" content=\"Tahmini okuma s\u00fcresi\" \/>\n\t<meta name=\"twitter:data1\" content=\"3 dakika\" \/>\n<script type=\"application\/ld+json\" class=\"yoast-schema-graph\">{\"@context\":\"https:\\\/\\\/schema.org\",\"@graph\":[{\"@type\":\"WebPage\",\"@id\":\"https:\\\/\\\/artavise.com\\\/terms-conditions\\\/\",\"url\":\"https:\\\/\\\/artavise.com\\\/terms-conditions\\\/\",\"name\":\"Terms &amp; Conditions - Artavise Management Consulting\",\"isPartOf\":{\"@id\":\"https:\\\/\\\/artavise.com\\\/#website\"},\"datePublished\":\"2024-05-14T10:55:52+00:00\",\"dateModified\":\"2024-05-17T08:50:24+00:00\",\"breadcrumb\":{\"@id\":\"https:\\\/\\\/artavise.com\\\/terms-conditions\\\/#breadcrumb\"},\"inLanguage\":\"tr\",\"potentialAction\":[{\"@type\":\"ReadAction\",\"target\":[\"https:\\\/\\\/artavise.com\\\/terms-conditions\\\/\"]}]},{\"@type\":\"BreadcrumbList\",\"@id\":\"https:\\\/\\\/artavise.com\\\/terms-conditions\\\/#breadcrumb\",\"itemListElement\":[{\"@type\":\"ListItem\",\"position\":1,\"name\":\"Home\",\"item\":\"https:\\\/\\\/artavise.com\\\/\"},{\"@type\":\"ListItem\",\"position\":2,\"name\":\"Terms &amp; Conditions\"}]},{\"@type\":\"WebSite\",\"@id\":\"https:\\\/\\\/artavise.com\\\/#website\",\"url\":\"https:\\\/\\\/artavise.com\\\/\",\"name\":\"Artavise Management Consulting\",\"description\":\"Insightful, dynamic guidance and vision in business decisions\",\"publisher\":{\"@id\":\"https:\\\/\\\/artavise.com\\\/#organization\"},\"potentialAction\":[{\"@type\":\"SearchAction\",\"target\":{\"@type\":\"EntryPoint\",\"urlTemplate\":\"https:\\\/\\\/artavise.com\\\/?s={search_term_string}\"},\"query-input\":{\"@type\":\"PropertyValueSpecification\",\"valueRequired\":true,\"valueName\":\"search_term_string\"}}],\"inLanguage\":\"tr\"},{\"@type\":\"Organization\",\"@id\":\"https:\\\/\\\/artavise.com\\\/#organization\",\"name\":\"Artavise Management Consulting\",\"url\":\"https:\\\/\\\/artavise.com\\\/\",\"logo\":{\"@type\":\"ImageObject\",\"inLanguage\":\"tr\",\"@id\":\"https:\\\/\\\/artavise.com\\\/#\\\/schema\\\/logo\\\/image\\\/\",\"url\":\"https:\\\/\\\/artavise.com\\\/wp-content\\\/uploads\\\/2024\\\/05\\\/logo_transparent-cropped.png\",\"contentUrl\":\"https:\\\/\\\/artavise.com\\\/wp-content\\\/uploads\\\/2024\\\/05\\\/logo_transparent-cropped.png\",\"width\":814,\"height\":220,\"caption\":\"Artavise Management Consulting\"},\"image\":{\"@id\":\"https:\\\/\\\/artavise.com\\\/#\\\/schema\\\/logo\\\/image\\\/\"}}]}<\/script>\n<!-- \/ Yoast SEO plugin. -->","yoast_head_json":{"title":"Terms &amp; Conditions - Artavise Management Consulting","robots":{"index":"index","follow":"follow","max-snippet":"max-snippet:-1","max-image-preview":"max-image-preview:large","max-video-preview":"max-video-preview:-1"},"canonical":"https:\/\/artavise.com\/tr\/terms-conditions\/","og_locale":"tr_TR","og_type":"article","og_title":"Terms &amp; Conditions - Artavise Management Consulting","og_description":"Effective Date: May 1, 2024 Introduction Welcome to Artavise.com (&#8220;Website&#8221;). These Terms and Conditions (&#8220;Terms&#8221;) govern your access to and use of [&hellip;]","og_url":"https:\/\/artavise.com\/tr\/terms-conditions\/","og_site_name":"Artavise Management Consulting","article_modified_time":"2024-05-17T08:50:24+00:00","twitter_card":"summary_large_image","twitter_misc":{"Tahmini okuma s\u00fcresi":"3 dakika"},"schema":{"@context":"https:\/\/schema.org","@graph":[{"@type":"WebPage","@id":"https:\/\/artavise.com\/terms-conditions\/","url":"https:\/\/artavise.com\/terms-conditions\/","name":"Terms &amp; Conditions - Artavise Management Consulting","isPartOf":{"@id":"https:\/\/artavise.com\/#website"},"datePublished":"2024-05-14T10:55:52+00:00","dateModified":"2024-05-17T08:50:24+00:00","breadcrumb":{"@id":"https:\/\/artavise.com\/terms-conditions\/#breadcrumb"},"inLanguage":"tr","potentialAction":[{"@type":"ReadAction","target":["https:\/\/artavise.com\/terms-conditions\/"]}]},{"@type":"BreadcrumbList","@id":"https:\/\/artavise.com\/terms-conditions\/#breadcrumb","itemListElement":[{"@type":"ListItem","position":1,"name":"Home","item":"https:\/\/artavise.com\/"},{"@type":"ListItem","position":2,"name":"Terms &amp; Conditions"}]},{"@type":"WebSite","@id":"https:\/\/artavise.com\/#website","url":"https:\/\/artavise.com\/","name":"Artavise Y\u00f6netim Dan\u0131\u015fmanl\u0131\u011f\u0131","description":"Insightful, dynamic guidance and vision in business decisions","publisher":{"@id":"https:\/\/artavise.com\/#organization"},"potentialAction":[{"@type":"SearchAction","target":{"@type":"EntryPoint","urlTemplate":"https:\/\/artavise.com\/?s={search_term_string}"},"query-input":{"@type":"PropertyValueSpecification","valueRequired":true,"valueName":"search_term_string"}}],"inLanguage":"tr"},{"@type":"Organization","@id":"https:\/\/artavise.com\/#organization","name":"Artavise Y\u00f6netim Dan\u0131\u015fmanl\u0131\u011f\u0131","url":"https:\/\/artavise.com\/","logo":{"@type":"ImageObject","inLanguage":"tr","@id":"https:\/\/artavise.com\/#\/schema\/logo\/image\/","url":"https:\/\/artavise.com\/wp-content\/uploads\/2024\/05\/logo_transparent-cropped.png","contentUrl":"https:\/\/artavise.com\/wp-content\/uploads\/2024\/05\/logo_transparent-cropped.png","width":814,"height":220,"caption":"Artavise Management Consulting"},"image":{"@id":"https:\/\/artavise.com\/#\/schema\/logo\/image\/"}}]}},"jetpack_sharing_enabled":true,"_links":{"self":[{"href":"https:\/\/artavise.com\/tr\/wp-json\/wp\/v2\/pages\/1763","targetHints":{"allow":["GET"]}}],"collection":[{"href":"https:\/\/artavise.com\/tr\/wp-json\/wp\/v2\/pages"}],"about":[{"href":"https:\/\/artavise.com\/tr\/wp-json\/wp\/v2\/types\/page"}],"author":[{"embeddable":true,"href":"https:\/\/artavise.com\/tr\/wp-json\/wp\/v2\/users\/1"}],"replies":[{"embeddable":true,"href":"https:\/\/artavise.com\/tr\/wp-json\/wp\/v2\/comments?post=1763"}],"version-history":[{"count":4,"href":"https:\/\/artavise.com\/tr\/wp-json\/wp\/v2\/pages\/1763\/revisions"}],"predecessor-version":[{"id":1922,"href":"https:\/\/artavise.com\/tr\/wp-json\/wp\/v2\/pages\/1763\/revisions\/1922"}],"wp:attachment":[{"href":"https:\/\/artavise.com\/tr\/wp-json\/wp\/v2\/media?parent=1763"}],"curies":[{"name":"wp","href":"https:\/\/api.w.org\/{rel}","templated":true}]}}