{"id":2012,"date":"2024-05-21T14:15:37","date_gmt":"2024-05-21T11:15:37","guid":{"rendered":"https:\/\/artavise.com\/?page_id=2012"},"modified":"2024-05-21T14:46:53","modified_gmt":"2024-05-21T11:46:53","slug":"cookie-policy","status":"publish","type":"page","link":"https:\/\/artavise.com\/tr\/cookie-policy\/","title":{"rendered":"\u00c7erez Politikas\u0131"},"content":{"rendered":"<div data-elementor-type=\"wp-page\" data-elementor-id=\"2012\" class=\"elementor elementor-2012\">\n\t\t\t\t<div class=\"elementor-element elementor-element-c08f5e2 e-flex e-con-boxed e-con e-parent\" data-id=\"c08f5e2\" data-element_type=\"container\" data-e-type=\"container\">\n\t\t\t\t\t<div class=\"e-con-inner\">\n\t\t\t\t<div class=\"elementor-element elementor-element-2b16ec0 elementor-widget elementor-widget-text-editor\" data-id=\"2b16ec0\" data-element_type=\"widget\" data-e-type=\"widget\" data-widget_type=\"text-editor.default\">\n\t\t\t\t<div class=\"elementor-widget-container\">\n\t\t\t\t\t\t\t\t\t<p><style>\n    a.cky-banner-element {<br \/>\n        padding: 8px 30px;<br \/>\n        background: #F8F9FA;<br \/>\n        color: #858A8F;<br \/>\n        border: 1px solid #DEE2E6;<br \/>\n        box-sizing: border-box;<br \/>\n        border-radius: 2px;<br \/>\n        cursor: pointer;<br \/>\n}<br \/>\n<\/style><\/p><h1 class=\"cookie-policy-h1\"><span style=\"text-align: var(--text-align); color: #47425d; font-family: -apple-system, BlinkMacSystemFont, 'Segoe UI', Roboto, Oxygen-Sans, Ubuntu, Cantarell, 'Helvetica Neue', sans-serif; font-size: 16px;\">Y\u00fcr\u00fcrl\u00fck Tarihi: 01-May\u0131s-2024<\/span><\/h1><p>Son G\u00fcncelleme 21-May\u0131s-2024<\/p><p>\u00a0<\/p><h5>\u00c7erez nedir?<\/h5><div class=\"cookie-policy-p\"><p>Bu \u00c7erez Politikas\u0131, \u00e7erezlerin ne oldu\u011funu ve bunlar\u0131 nas\u0131l kulland\u0131\u011f\u0131m\u0131z\u0131, kulland\u0131\u011f\u0131m\u0131z \u00e7erez t\u00fcrlerini, yani \u00e7erezleri kullanarak toplad\u0131\u011f\u0131m\u0131z bilgileri ve bu bilgilerin nas\u0131l kullan\u0131ld\u0131\u011f\u0131n\u0131 ve \u00e7erez ayarlar\u0131n\u0131n nas\u0131l y\u00f6netilece\u011fini a\u00e7\u0131klamaktad\u0131r.<\/p><p>\u00c7erezler, k\u00fc\u00e7\u00fck bilgi par\u00e7alar\u0131n\u0131 saklamak i\u00e7in kullan\u0131lan k\u00fc\u00e7\u00fck metin dosyalar\u0131d\u0131r. Web sitesi taray\u0131c\u0131n\u0131za y\u00fcklendi\u011finde cihaz\u0131n\u0131zda saklan\u0131rlar. Bu \u00e7erezler, web sitesinin d\u00fczg\u00fcn \u00e7al\u0131\u015fmas\u0131n\u0131 sa\u011flamam\u0131za, daha g\u00fcvenli hale getirmemize, daha iyi kullan\u0131c\u0131 deneyimi sunmam\u0131za ve web sitesinin nas\u0131l performans g\u00f6sterdi\u011fini anlamam\u0131za ve neyin i\u015fe yarad\u0131\u011f\u0131n\u0131 ve nerede iyile\u015ftirilmesi gerekti\u011fini analiz etmemize yard\u0131mc\u0131 olur.<\/p><\/div><p>\u00a0<\/p><h5>\u00c7erezleri nas\u0131l kullan\u0131yoruz?<\/h5><div class=\"cookie-policy-p\"><p>\u00c7evrimi\u00e7i hizmetlerin \u00e7o\u011funda oldu\u011fu gibi, web sitemiz de \u00e7e\u015fitli ama\u00e7lar i\u00e7in birinci taraf ve \u00fc\u00e7\u00fcnc\u00fc taraf \u00e7erezleri kullan\u0131r. Birinci taraf \u00e7erezleri \u00e7o\u011funlukla web sitesinin do\u011fru \u015fekilde \u00e7al\u0131\u015fmas\u0131 i\u00e7in gereklidir ve ki\u015fisel olarak tan\u0131mlanabilir verilerinizi toplamazlar.<\/p><p>Web sitemizde kullan\u0131lan \u00fc\u00e7\u00fcnc\u00fc taraf \u00e7erezleri temel olarak web sitesinin nas\u0131l performans g\u00f6sterdi\u011fini, web sitemizle nas\u0131l etkile\u015fimde bulundu\u011funuzu anlamak, hizmetlerimizi g\u00fcvende tutmak, sizinle alakal\u0131 reklamlar sunmak ve sonu\u00e7 olarak size daha iyi ve geli\u015fmi\u015f bir kullan\u0131c\u0131 deneyimi sunmak ve web sitemizle gelecekteki etkile\u015fimlerinizi h\u0131zland\u0131rmaya yard\u0131mc\u0131 olmak i\u00e7indir.<\/p><\/div><p>\u00a0<\/p><h5>Kulland\u0131\u011f\u0131m\u0131z \u00c7erez \u00c7e\u015fitleri<\/h5><div class=\"cky-audit-table-element\">\u00a0<\/div><p>\u00a0<\/p><h5 style=\"margin-bottom: 20px;\">\u00c7erez tercihlerini y\u00f6netme<\/h5><p><a class=\"cky-banner-element\">\u00c7erez Ayarlar\u0131<\/a> <\/p><div><p>Yukar\u0131daki d\u00fc\u011fmeye t\u0131klayarak \u00e7erez tercihlerinizi istedi\u011finiz zaman de\u011fi\u015ftirebilirsiniz. Bu, \u00e7erez onay\u0131 ba\u015fl\u0131\u011f\u0131n\u0131 tekrar ziyaret etmenize ve tercihlerinizi de\u011fi\u015ftirmenize veya onay\u0131n\u0131z\u0131 hemen geri \u00e7ekmenize olanak tan\u0131r.<\/p><p>Buna ek olarak, farkl\u0131 taray\u0131c\u0131lar web siteleri taraf\u0131ndan kullan\u0131lan \u00e7erezleri engellemek ve silmek i\u00e7in farkl\u0131 y\u00f6ntemler sunar. \u00c7erezleri engellemek\/silmek i\u00e7in taray\u0131c\u0131n\u0131z\u0131n ayarlar\u0131n\u0131 de\u011fi\u015ftirebilirsiniz. A\u015fa\u011f\u0131da, ba\u015fl\u0131ca web taray\u0131c\u0131lar\u0131ndan \u00e7erezlerin nas\u0131l y\u00f6netilece\u011fi ve silinece\u011fi ile ilgili destek belgelerinin ba\u011flant\u0131lar\u0131 listelenmi\u015ftir.<\/p><p>Chrome: <a href=\"https:\/\/support.google.com\/accounts\/answer\/32050\" target=\"_blank\" rel=\"noopener\">https:\/\/support.google.com\/accounts\/answer\/32050<\/a><\/p><p>Safari: <a href=\"https:\/\/support.apple.com\/en-in\/guide\/safari\/sfri11471\/mac\" target=\"_blank\" rel=\"noopener\">https:\/\/support.apple.com\/en-in\/guide\/safari\/sfri11471\/mac<\/a><\/p><p>Firefox: <a href=\"https:\/\/support.mozilla.org\/en-US\/kb\/clear-cookies-and-site-data-firefox?redirectslug=delete-cookies-remove-info-websites-stored&amp;redirectlocale=en-US\" target=\"_blank\" rel=\"noopener\">https:\/\/support.mozilla.org\/en-US\/kb\/clear-cookies-and-site-data-firefox?redirectslug=delete-cookies-remove-info-websites-stored&amp;redirectlocale=en-US<\/a><\/p><p>Internet Explorer: <a href=\"https:\/\/support.microsoft.com\/en-us\/topic\/how-to-delete-cookie-files-in-internet-explorer-bca9446f-d873-78de-77ba-d42645fa52fc\" target=\"_blank\" rel=\"noopener\">https:\/\/support.microsoft.com\/en-us\/topic\/how-to-delete-cookie-files-in-internet-explorer-bca9446f-d873-78de-77ba-d42645fa52fc<\/a><\/p><p>Ba\u015fka bir web taray\u0131c\u0131s\u0131 kullan\u0131yorsan\u0131z, l\u00fctfen taray\u0131c\u0131n\u0131z\u0131n resmi destek belgelerini ziyaret edin.<\/p><\/div><p>\u00a0<\/p><p class=\"cookie-policy-p\">\u00c7erez Politikas\u0131 Olu\u015fturan <a href=\"https:\/\/www.cookieyes.com\/?utm_source=CP&amp;utm_medium=footer&amp;utm_campaign=UW\" target=\"_blank\" rel=\"noopener\">CookieYes \u2013 Cookie Policy Generator<\/a>.<\/p>\t\t\t\t\t\t\t\t<\/div>\n\t\t\t\t<\/div>\n\t\t\t\t\t<\/div>\n\t\t\t\t<\/div>\n\t\t\t\t<\/div>","protected":false},"excerpt":{"rendered":"<p>Effective Date: 01-May-2024 Last Updated: 21-May-2024 \u00a0 What are cookies? This Cookie Policy explains what cookies are and how we use them, [&hellip;]<\/p>\n","protected":false},"author":1,"featured_media":0,"parent":0,"menu_order":0,"comment_status":"closed","ping_status":"closed","template":"","meta":{"nf_dc_page":"","content-type":"","footnotes":""},"class_list":["post-2012","page","type-page","status-publish","hentry"],"yoast_head":"<!-- This site is optimized with the Yoast SEO plugin v27.4 - https:\/\/yoast.com\/product\/yoast-seo-wordpress\/ -->\n<title>Cookie Policy - Artavise Management Consulting<\/title>\n<meta name=\"robots\" content=\"index, follow, max-snippet:-1, max-image-preview:large, max-video-preview:-1\" \/>\n<link rel=\"canonical\" href=\"https:\/\/artavise.com\/tr\/cookie-policy\/\" \/>\n<meta property=\"og:locale\" content=\"tr_TR\" \/>\n<meta property=\"og:type\" content=\"article\" \/>\n<meta property=\"og:title\" content=\"Cookie Policy - Artavise Management Consulting\" \/>\n<meta property=\"og:description\" content=\"Effective Date: 01-May-2024 Last Updated: 21-May-2024 \u00a0 What are cookies? This Cookie Policy explains what cookies are and how we use them, [&hellip;]\" \/>\n<meta property=\"og:url\" content=\"https:\/\/artavise.com\/tr\/cookie-policy\/\" \/>\n<meta property=\"og:site_name\" content=\"Artavise Management Consulting\" \/>\n<meta property=\"article:modified_time\" content=\"2024-05-21T11:46:53+00:00\" \/>\n<meta name=\"twitter:card\" content=\"summary_large_image\" \/>\n<meta name=\"twitter:label1\" content=\"Tahmini okuma s\u00fcresi\" \/>\n\t<meta name=\"twitter:data1\" content=\"2 dakika\" \/>\n<script type=\"application\/ld+json\" class=\"yoast-schema-graph\">{\"@context\":\"https:\\\/\\\/schema.org\",\"@graph\":[{\"@type\":\"WebPage\",\"@id\":\"https:\\\/\\\/artavise.com\\\/cookie-policy\\\/\",\"url\":\"https:\\\/\\\/artavise.com\\\/cookie-policy\\\/\",\"name\":\"Cookie Policy - Artavise Management Consulting\",\"isPartOf\":{\"@id\":\"https:\\\/\\\/artavise.com\\\/#website\"},\"datePublished\":\"2024-05-21T11:15:37+00:00\",\"dateModified\":\"2024-05-21T11:46:53+00:00\",\"breadcrumb\":{\"@id\":\"https:\\\/\\\/artavise.com\\\/cookie-policy\\\/#breadcrumb\"},\"inLanguage\":\"tr\",\"potentialAction\":[{\"@type\":\"ReadAction\",\"target\":[\"https:\\\/\\\/artavise.com\\\/cookie-policy\\\/\"]}]},{\"@type\":\"BreadcrumbList\",\"@id\":\"https:\\\/\\\/artavise.com\\\/cookie-policy\\\/#breadcrumb\",\"itemListElement\":[{\"@type\":\"ListItem\",\"position\":1,\"name\":\"Home\",\"item\":\"https:\\\/\\\/artavise.com\\\/\"},{\"@type\":\"ListItem\",\"position\":2,\"name\":\"Cookie Policy\"}]},{\"@type\":\"WebSite\",\"@id\":\"https:\\\/\\\/artavise.com\\\/#website\",\"url\":\"https:\\\/\\\/artavise.com\\\/\",\"name\":\"Artavise Management Consulting\",\"description\":\"Insightful, dynamic guidance and vision in business decisions\",\"publisher\":{\"@id\":\"https:\\\/\\\/artavise.com\\\/#organization\"},\"potentialAction\":[{\"@type\":\"SearchAction\",\"target\":{\"@type\":\"EntryPoint\",\"urlTemplate\":\"https:\\\/\\\/artavise.com\\\/?s={search_term_string}\"},\"query-input\":{\"@type\":\"PropertyValueSpecification\",\"valueRequired\":true,\"valueName\":\"search_term_string\"}}],\"inLanguage\":\"tr\"},{\"@type\":\"Organization\",\"@id\":\"https:\\\/\\\/artavise.com\\\/#organization\",\"name\":\"Artavise Management Consulting\",\"url\":\"https:\\\/\\\/artavise.com\\\/\",\"logo\":{\"@type\":\"ImageObject\",\"inLanguage\":\"tr\",\"@id\":\"https:\\\/\\\/artavise.com\\\/#\\\/schema\\\/logo\\\/image\\\/\",\"url\":\"https:\\\/\\\/artavise.com\\\/wp-content\\\/uploads\\\/2024\\\/05\\\/logo_transparent-cropped.png\",\"contentUrl\":\"https:\\\/\\\/artavise.com\\\/wp-content\\\/uploads\\\/2024\\\/05\\\/logo_transparent-cropped.png\",\"width\":814,\"height\":220,\"caption\":\"Artavise Management Consulting\"},\"image\":{\"@id\":\"https:\\\/\\\/artavise.com\\\/#\\\/schema\\\/logo\\\/image\\\/\"}}]}<\/script>\n<!-- \/ Yoast SEO plugin. -->","yoast_head_json":{"title":"Cookie Policy - Artavise Management Consulting","robots":{"index":"index","follow":"follow","max-snippet":"max-snippet:-1","max-image-preview":"max-image-preview:large","max-video-preview":"max-video-preview:-1"},"canonical":"https:\/\/artavise.com\/tr\/cookie-policy\/","og_locale":"tr_TR","og_type":"article","og_title":"Cookie Policy - Artavise Management Consulting","og_description":"Effective Date: 01-May-2024 Last Updated: 21-May-2024 \u00a0 What are cookies? This Cookie Policy explains what cookies are and how we use them, [&hellip;]","og_url":"https:\/\/artavise.com\/tr\/cookie-policy\/","og_site_name":"Artavise Management Consulting","article_modified_time":"2024-05-21T11:46:53+00:00","twitter_card":"summary_large_image","twitter_misc":{"Tahmini okuma s\u00fcresi":"2 dakika"},"schema":{"@context":"https:\/\/schema.org","@graph":[{"@type":"WebPage","@id":"https:\/\/artavise.com\/cookie-policy\/","url":"https:\/\/artavise.com\/cookie-policy\/","name":"Cookie Policy - Artavise Management Consulting","isPartOf":{"@id":"https:\/\/artavise.com\/#website"},"datePublished":"2024-05-21T11:15:37+00:00","dateModified":"2024-05-21T11:46:53+00:00","breadcrumb":{"@id":"https:\/\/artavise.com\/cookie-policy\/#breadcrumb"},"inLanguage":"tr","potentialAction":[{"@type":"ReadAction","target":["https:\/\/artavise.com\/cookie-policy\/"]}]},{"@type":"BreadcrumbList","@id":"https:\/\/artavise.com\/cookie-policy\/#breadcrumb","itemListElement":[{"@type":"ListItem","position":1,"name":"Home","item":"https:\/\/artavise.com\/"},{"@type":"ListItem","position":2,"name":"Cookie Policy"}]},{"@type":"WebSite","@id":"https:\/\/artavise.com\/#website","url":"https:\/\/artavise.com\/","name":"Artavise Y\u00f6netim Dan\u0131\u015fmanl\u0131\u011f\u0131","description":"Insightful, dynamic guidance and vision in business decisions","publisher":{"@id":"https:\/\/artavise.com\/#organization"},"potentialAction":[{"@type":"SearchAction","target":{"@type":"EntryPoint","urlTemplate":"https:\/\/artavise.com\/?s={search_term_string}"},"query-input":{"@type":"PropertyValueSpecification","valueRequired":true,"valueName":"search_term_string"}}],"inLanguage":"tr"},{"@type":"Organization","@id":"https:\/\/artavise.com\/#organization","name":"Artavise Y\u00f6netim Dan\u0131\u015fmanl\u0131\u011f\u0131","url":"https:\/\/artavise.com\/","logo":{"@type":"ImageObject","inLanguage":"tr","@id":"https:\/\/artavise.com\/#\/schema\/logo\/image\/","url":"https:\/\/artavise.com\/wp-content\/uploads\/2024\/05\/logo_transparent-cropped.png","contentUrl":"https:\/\/artavise.com\/wp-content\/uploads\/2024\/05\/logo_transparent-cropped.png","width":814,"height":220,"caption":"Artavise Management Consulting"},"image":{"@id":"https:\/\/artavise.com\/#\/schema\/logo\/image\/"}}]}},"jetpack_sharing_enabled":true,"_links":{"self":[{"href":"https:\/\/artavise.com\/tr\/wp-json\/wp\/v2\/pages\/2012","targetHints":{"allow":["GET"]}}],"collection":[{"href":"https:\/\/artavise.com\/tr\/wp-json\/wp\/v2\/pages"}],"about":[{"href":"https:\/\/artavise.com\/tr\/wp-json\/wp\/v2\/types\/page"}],"author":[{"embeddable":true,"href":"https:\/\/artavise.com\/tr\/wp-json\/wp\/v2\/users\/1"}],"replies":[{"embeddable":true,"href":"https:\/\/artavise.com\/tr\/wp-json\/wp\/v2\/comments?post=2012"}],"version-history":[{"count":5,"href":"https:\/\/artavise.com\/tr\/wp-json\/wp\/v2\/pages\/2012\/revisions"}],"predecessor-version":[{"id":2021,"href":"https:\/\/artavise.com\/tr\/wp-json\/wp\/v2\/pages\/2012\/revisions\/2021"}],"wp:attachment":[{"href":"https:\/\/artavise.com\/tr\/wp-json\/wp\/v2\/media?parent=2012"}],"curies":[{"name":"wp","href":"https:\/\/api.w.org\/{rel}","templated":true}]}}