{"id":3,"date":"2024-04-25T02:06:33","date_gmt":"2024-04-25T02:06:33","guid":{"rendered":"http:\/\/box5472\/cgi\/addon_GT.cgi?s=GT::WP::Install::Cpanel+%28xufuxbmy%29+-+127.0.0.1+%5Bnocaller%5D\/?page_id=3"},"modified":"2024-05-17T11:49:28","modified_gmt":"2024-05-17T08:49:28","slug":"privacy-policy","status":"publish","type":"page","link":"https:\/\/artavise.com\/tr\/privacy-policy\/","title":{"rendered":"Gizlilik Politikas\u0131"},"content":{"rendered":"<div data-elementor-type=\"wp-page\" data-elementor-id=\"3\" class=\"elementor elementor-3\">\n\t\t\t\t<div class=\"elementor-element elementor-element-6fa70a2b e-flex e-con-boxed e-con e-parent\" data-id=\"6fa70a2b\" data-element_type=\"container\" data-e-type=\"container\">\n\t\t\t\t\t<div class=\"e-con-inner\">\n\t\t\t\t<div class=\"elementor-element elementor-element-64371375 elementor-widget elementor-widget-text-editor\" data-id=\"64371375\" data-element_type=\"widget\" data-e-type=\"widget\" data-widget_type=\"text-editor.default\">\n\t\t\t\t<div class=\"elementor-widget-container\">\n\t\t\t\t\t\t\t\t\t\n<p class=\"\"><strong>Y\u00fcr\u00fcrl\u00fck Tarihi: 01-May\u0131s-2024<\/strong><\/p>\n\n<p class=\"\"><strong>Giri\u015f<\/strong><\/p>\n\n<p class=\"\">Artavise'\u0131n (\"\u015eirket\") sahibi oldu\u011fu ve i\u015fletti\u011fi Artavise.com'a (\"Web Sitesi\") ho\u015f geldiniz. Gizlili\u011finiz bizim i\u00e7in son derece \u00f6nemlidir. Bu Gizlilik Politikas\u0131, Genel Veri Koruma Y\u00f6netmeli\u011fi'ne (GDPR) uygun olarak ki\u015fisel verilerinizi nas\u0131l toplad\u0131\u011f\u0131m\u0131z\u0131, kulland\u0131\u011f\u0131m\u0131z\u0131, saklad\u0131\u011f\u0131m\u0131z\u0131, payla\u015ft\u0131\u011f\u0131m\u0131z\u0131 ve korudu\u011fumuzu \u00f6zetlemektedir. Web sitemizi ve hizmetlerimizi kullanarak, bu politikada a\u00e7\u0131klanan veri uygulamalar\u0131n\u0131 kabul etmi\u015f olursunuz.<\/p>\n\n<p class=\"\"><strong>1. Veri Kontrol\u00f6r\u00fc<\/strong><\/p>\n\n<p class=\"\">Artavise olarak<br \/>Camli Mahallesi, Yakut Sokak, No: 2F,<br \/>Guzelbahce, Izmir, Turkiye<br \/>Email: <a>artavise@outlook.com<\/a><\/p>\n\n<p class=\"\"><strong>2. Veri Toplama<\/strong><\/p>\n\n<p class=\"\">A\u015fa\u011f\u0131daki ki\u015fisel veri t\u00fcrlerini toplar\u0131z:<\/p>\n\n<ul class=\"wp-block-list\">\n<li class=\"\"><strong>\u0130leti\u015fim Bilgileri<\/strong>: \u0130sim, e-posta adresi, telefon numaras\u0131, posta adresi.<\/li>\n\n<li class=\"\"><strong>Mesleki Bilgiler<\/strong>: \u015eirket ad\u0131, i\u015f unvan\u0131, sekt\u00f6r.<\/li>\n\n<li class=\"\"><strong>Kullan\u0131m Verileri<\/strong>: IP adresi, taray\u0131c\u0131 t\u00fcr\u00fc, i\u015fletim sistemi, y\u00f6nlendiren URL'ler, sayfa g\u00f6r\u00fcnt\u00fclemeleri ve t\u0131klama ak\u0131\u015flar\u0131.<\/li>\n\n<li class=\"\"><strong>\u00c7erezler ve \u0130zleme Teknolojileri<\/strong>: Web sitemizdeki deneyiminizi geli\u015ftirmek i\u00e7in \u00e7erezler kullan\u0131yoruz. Daha fazla bilgi i\u00e7in l\u00fctfen \u00c7erez Politikam\u0131za bak\u0131n.<\/li>\n<\/ul>\n\n<p class=\"\"><strong>3. Veri \u0130\u015flemenin Amac\u0131<\/strong><\/p>\n\n<p class=\"\">Ki\u015fisel verilerinizi a\u015fa\u011f\u0131daki ama\u00e7lar i\u00e7in i\u015fliyoruz:<\/p>\n\n<ul class=\"wp-block-list\">\n<li class=\"\"><strong>Hizmet Sunumu<\/strong>: Y\u00f6netim dan\u0131\u015fmanl\u0131\u011f\u0131 hizmetleri sunmak ve sorular\u0131n\u0131z\u0131 yan\u0131tlamak i\u00e7in.<\/li>\n\n<li class=\"\"><strong>\u0130leti\u015fim<\/strong>: Haber b\u00fcltenleri, g\u00fcncellemeler ve promosyon malzemeleri g\u00f6ndermek i\u00e7in.<\/li>\n\n<li class=\"\"><strong>Hizmetlerin \u0130yile\u015ftirilmesi<\/strong>: Kullan\u0131c\u0131 tercihlerini anlamak ve Web sitemizi ve hizmetlerimizi geli\u015ftirmek.<\/li>\n\n<li class=\"\"><strong>Uyumluluk<\/strong>: Yasal y\u00fck\u00fcml\u00fcl\u00fcklere uymak ve yasal haklar\u0131m\u0131z\u0131 korumak i\u00e7in.<\/li>\n<\/ul>\n\n<p class=\"\"><strong>4. \u0130\u015fleme i\u00e7in Yasal Dayanak<\/strong><\/p>\n\n<p class=\"\">Ki\u015fisel verilerinizi a\u015fa\u011f\u0131daki yasal gerek\u00e7elere dayanarak i\u015fliyoruz:<\/p>\n\n<ul class=\"wp-block-list\">\n<li class=\"\"><strong>R\u0131za<\/strong>: Belirli ama\u00e7lar i\u00e7in bize a\u00e7\u0131k onay verdi\u011finizde.<\/li>\n\n<li class=\"\"><strong>S\u00f6zle\u015fmeye Dayal\u0131 Gereklilik<\/strong>: Sizinle yap\u0131lan bir s\u00f6zle\u015fmenin ifas\u0131 i\u00e7in i\u015fleme gerekli oldu\u011funda.<\/li>\n\n<li class=\"\"><strong>Yasal Y\u00fck\u00fcml\u00fcl\u00fckler<\/strong>: Ge\u00e7erli yasalara uymak i\u00e7in i\u015flemenin gerekli oldu\u011fu durumlar.<\/li>\n\n<li class=\"\"><strong>Me\u015fru Menfaatler<\/strong>: Haklar\u0131n\u0131z\u0131n bu \u00e7\u0131karlar\u0131 ge\u00e7ersiz k\u0131lmamas\u0131 ko\u015fuluyla, hizmetlerimizi geli\u015ftirmek gibi me\u015fru menfaatlerimiz i\u00e7in i\u015flemenin gerekli oldu\u011fu durumlar.<\/li>\n<\/ul>\n\n<p class=\"\"><strong>5. Veri Payla\u015f\u0131m\u0131<\/strong><\/p>\n\n<p class=\"\">Ki\u015fisel verilerinizi satm\u0131yor, kiralam\u0131yor veya ticaretini yapm\u0131yoruz. Ancak, verilerinizi a\u015fa\u011f\u0131dakilerle payla\u015fabiliriz:<\/p>\n\n<ul class=\"wp-block-list\">\n<li class=\"\"><strong>Hizmet Sa\u011flay\u0131c\u0131lar\u0131<\/strong>: BT hizmetleri, \u00f6deme i\u015flemleri ve e-posta pazarlamas\u0131 gibi bizim ad\u0131m\u0131za hizmet veren \u00fc\u00e7\u00fcnc\u00fc taraf sat\u0131c\u0131lar.<\/li>\n\n<li class=\"\"><strong>Yasal Makamlar<\/strong>: Yasalar\u0131n gerektirmesi halinde veya kamu makamlar\u0131n\u0131n ge\u00e7erli taleplerine yan\u0131t olarak.<\/li>\n\n<li class=\"\"><strong>\u0130\u015fletme Transferleri<\/strong>: \u0130\u015fletmemizin veya varl\u0131klar\u0131m\u0131z\u0131n herhangi bir birle\u015fmesi, sat\u0131\u015f\u0131 veya devri ile ba\u011flant\u0131l\u0131 olarak.<\/li>\n<\/ul>\n\n<p class=\"\"><strong>6. Veri Depolama ve G\u00fcvenlik<\/strong><\/p>\n\n<p class=\"\">Ki\u015fisel verilerinizi end\u00fcstri standard\u0131 g\u00fcvenlik \u00f6nlemleri kullanarak g\u00fcvenli bir \u015fekilde sakl\u0131yoruz. Bu \u00f6nlemler \u015funlar\u0131 i\u00e7erir:<\/p>\n\n<ul class=\"wp-block-list\">\n<li class=\"\"><strong>\u015eifreleme<\/strong>: Hem aktar\u0131m s\u0131ras\u0131nda hem de beklemede veri \u015fifreleme.<\/li>\n\n<li class=\"\"><strong>Eri\u015fim Kontrolleri<\/strong>: Ki\u015fisel verilere eri\u015fim sadece yetkili personel ile s\u0131n\u0131rland\u0131r\u0131lm\u0131\u015ft\u0131r.<\/li>\n\n<li class=\"\"><strong>D\u00fczenli Denetimler<\/strong>: D\u00fczenli g\u00fcvenlik denetimleri ve de\u011ferlendirmeleri.<\/li>\n<\/ul>\n\n<p class=\"\"><strong>7. Veri Saklama<\/strong><\/p>\n\n<p class=\"\">Ki\u015fisel verilerinizi yaln\u0131zca bu Gizlilik Politikas\u0131nda belirtilen ama\u00e7lar\u0131 yerine getirmek i\u00e7in gerekli oldu\u011fu s\u00fcrece veya yasalar\u0131n gerektirdi\u011fi \u015fekilde saklar\u0131z. Saklama s\u00fcresinin sona ermesinin ard\u0131ndan verileriniz g\u00fcvenli bir \u015fekilde silinecek veya anonim hale getirilecektir.<\/p>\n\n<p class=\"\"><strong>8. Sizin Haklar\u0131n\u0131z<\/strong><\/p>\n\n<p class=\"\">GDPR kapsam\u0131nda, ki\u015fisel verilerinizle ilgili olarak a\u015fa\u011f\u0131daki haklara sahipsiniz:<\/p>\n\n<ul class=\"wp-block-list\">\n<li class=\"\"><strong>Eri\u015fim Hakk\u0131<\/strong>: Ki\u015fisel verilerinizin bir kopyas\u0131n\u0131 al\u0131n.<\/li>\n\n<li class=\"\"><strong>D\u00fczeltme Hakk\u0131<\/strong>: Yanl\u0131\u015f verilerin d\u00fczeltilmesini talep edin.<\/li>\n\n<li class=\"\"><strong>Silinme Hakk\u0131<\/strong>: Ki\u015fisel verilerinizin silinmesini talep hakk\u0131.<\/li>\n\n<li class=\"\"><strong>\u0130\u015flemeyi K\u0131s\u0131tlama Hakk\u0131<\/strong>: Belirli ko\u015fullar alt\u0131nda veri i\u015flemenin k\u0131s\u0131tlanmas\u0131n\u0131 talep etme.<\/li>\n\n<li class=\"\"><strong>Veri Ta\u015f\u0131nabilirli\u011fi Hakk\u0131<\/strong>: Verilerinizi yap\u0131land\u0131r\u0131lm\u0131\u015f, yayg\u0131n olarak kullan\u0131lan bir formatta alma hakk\u0131.<\/li>\n\n<li class=\"\"><strong>\u0130tiraz Hakk\u0131<\/strong>: Me\u015fru menfaatlere veya do\u011frudan pazarlamaya dayal\u0131 veri i\u015flemeye itiraz.<\/li>\n\n<li class=\"\"><strong>Onay\u0131 Geri \u00c7ekme Hakk\u0131<\/strong>: \u0130\u015flemenin r\u0131zaya dayal\u0131 oldu\u011fu durumlarda r\u0131zay\u0131 istedi\u011finiz zaman geri \u00e7ekebilirsiniz.<\/li>\n<\/ul>\n\n<p class=\"\">Bu haklar\u0131 kullanmak i\u00e7in l\u00fctfen bizimle \u015fu adresten ileti\u015fime ge\u00e7in: artavise@outlook.com <a>artavise@outlook.com<\/a>. Talebinize bir ay i\u00e7inde yan\u0131t verece\u011fiz.<\/p>\n\n<p class=\"\"><strong>9. Uluslararas\u0131 Veri Aktar\u0131mlar\u0131<\/strong><\/p>\n\n<p class=\"\">Ki\u015fisel verileriniz Avrupa Ekonomik Alan\u0131 (AEA) d\u0131\u015f\u0131ndaki \u00fclkelere aktar\u0131labilir ve buralarda i\u015flenebilir. Standart s\u00f6zle\u015fme maddeleri veya di\u011fer yasal mekanizmalar gibi \u00f6nlemler arac\u0131l\u0131\u011f\u0131yla yeterli koruman\u0131n mevcut olmas\u0131n\u0131 sa\u011fl\u0131yoruz.<\/p>\n\n<p class=\"\"><strong>10. Bu Gizlilik Politikas\u0131ndaki G\u00fcncellemeler<\/strong><\/p>\n\n<p class=\"\">Bu Gizlilik Politikas\u0131n\u0131 periyodik olarak g\u00fcncelleyebiliriz. Herhangi bir de\u011fi\u015fiklik, g\u00fcncellenmi\u015f bir y\u00fcr\u00fcrl\u00fck tarihi ile bu sayfada yay\u0131nlanacakt\u0131r. Bu politikay\u0131 d\u00fczenli olarak g\u00f6zden ge\u00e7irmenizi \u00f6neririz.<\/p>\n\n<p class=\"\"><strong>Bizimle \u0130leti\u015fime Ge\u00e7in<\/strong><\/p>\n\n<p class=\"\">Bu Gizlilik Politikas\u0131 veya veri uygulamalar\u0131m\u0131z hakk\u0131nda herhangi bir sorunuz veya endi\u015feniz varsa, l\u00fctfen bizimle ileti\u015fime ge\u00e7in:<\/p>\n\n<p class=\"\">Artavise olarak<br \/>Camli Mahallesi, Yakut Sokak, No: 2F,<br \/>Guzelbahce, Izmir, Turkiye<br \/>Email: <a>artavise@outlook.com<\/a><\/p>\n\n<p class=\"\">Artavise'a ki\u015fisel verileriniz konusunda g\u00fcvendi\u011finiz i\u00e7in te\u015fekk\u00fcr ederiz. Gizlili\u011finizi korumaya ve bilgilerinizin g\u00fcvenli\u011fini sa\u011flamaya kararl\u0131y\u0131z.<\/p>\n\t\t\t\t\t\t\t\t<\/div>\n\t\t\t\t<\/div>\n\t\t\t\t\t<\/div>\n\t\t\t\t<\/div>\n\t\t\t\t<\/div>","protected":false},"excerpt":{"rendered":"<p>Effective Date: May 1, 2024 Introduction Welcome to Artavise.com (&#8220;Website&#8221;), owned and operated by Artavise (&#8220;Company&#8221;). Your privacy is of utmost importance [&hellip;]<\/p>\n","protected":false},"author":1,"featured_media":0,"parent":0,"menu_order":0,"comment_status":"closed","ping_status":"open","template":"","meta":{"nf_dc_page":"","content-type":"","footnotes":""},"class_list":["post-3","page","type-page","status-publish","hentry"],"yoast_head":"<!-- This site is optimized with the Yoast SEO plugin v27.4 - https:\/\/yoast.com\/product\/yoast-seo-wordpress\/ -->\n<title>Privacy Policy - Artavise Management Consulting<\/title>\n<meta name=\"robots\" content=\"index, follow, max-snippet:-1, max-image-preview:large, max-video-preview:-1\" \/>\n<link rel=\"canonical\" href=\"https:\/\/artavise.com\/tr\/privacy-policy\/\" \/>\n<meta property=\"og:locale\" content=\"tr_TR\" \/>\n<meta property=\"og:type\" content=\"article\" \/>\n<meta property=\"og:title\" content=\"Privacy Policy - Artavise Management Consulting\" \/>\n<meta property=\"og:description\" content=\"Effective Date: May 1, 2024 Introduction Welcome to Artavise.com (&#8220;Website&#8221;), owned and operated by Artavise (&#8220;Company&#8221;). Your privacy is of utmost importance [&hellip;]\" \/>\n<meta property=\"og:url\" content=\"https:\/\/artavise.com\/tr\/privacy-policy\/\" \/>\n<meta property=\"og:site_name\" content=\"Artavise Management Consulting\" \/>\n<meta property=\"article:modified_time\" content=\"2024-05-17T08:49:28+00:00\" \/>\n<meta name=\"twitter:card\" content=\"summary_large_image\" \/>\n<meta name=\"twitter:label1\" content=\"Tahmini okuma s\u00fcresi\" \/>\n\t<meta name=\"twitter:data1\" content=\"3 dakika\" \/>\n<script type=\"application\/ld+json\" class=\"yoast-schema-graph\">{\"@context\":\"https:\\\/\\\/schema.org\",\"@graph\":[{\"@type\":\"WebPage\",\"@id\":\"https:\\\/\\\/artavise.com\\\/privacy-policy\\\/\",\"url\":\"https:\\\/\\\/artavise.com\\\/privacy-policy\\\/\",\"name\":\"Privacy Policy - Artavise Management Consulting\",\"isPartOf\":{\"@id\":\"https:\\\/\\\/artavise.com\\\/#website\"},\"datePublished\":\"2024-04-25T02:06:33+00:00\",\"dateModified\":\"2024-05-17T08:49:28+00:00\",\"breadcrumb\":{\"@id\":\"https:\\\/\\\/artavise.com\\\/privacy-policy\\\/#breadcrumb\"},\"inLanguage\":\"tr\",\"potentialAction\":[{\"@type\":\"ReadAction\",\"target\":[\"https:\\\/\\\/artavise.com\\\/privacy-policy\\\/\"]}]},{\"@type\":\"BreadcrumbList\",\"@id\":\"https:\\\/\\\/artavise.com\\\/privacy-policy\\\/#breadcrumb\",\"itemListElement\":[{\"@type\":\"ListItem\",\"position\":1,\"name\":\"Home\",\"item\":\"https:\\\/\\\/artavise.com\\\/\"},{\"@type\":\"ListItem\",\"position\":2,\"name\":\"Privacy Policy\"}]},{\"@type\":\"WebSite\",\"@id\":\"https:\\\/\\\/artavise.com\\\/#website\",\"url\":\"https:\\\/\\\/artavise.com\\\/\",\"name\":\"Artavise Management Consulting\",\"description\":\"Insightful, dynamic guidance and vision in business decisions\",\"publisher\":{\"@id\":\"https:\\\/\\\/artavise.com\\\/#organization\"},\"potentialAction\":[{\"@type\":\"SearchAction\",\"target\":{\"@type\":\"EntryPoint\",\"urlTemplate\":\"https:\\\/\\\/artavise.com\\\/?s={search_term_string}\"},\"query-input\":{\"@type\":\"PropertyValueSpecification\",\"valueRequired\":true,\"valueName\":\"search_term_string\"}}],\"inLanguage\":\"tr\"},{\"@type\":\"Organization\",\"@id\":\"https:\\\/\\\/artavise.com\\\/#organization\",\"name\":\"Artavise Management Consulting\",\"url\":\"https:\\\/\\\/artavise.com\\\/\",\"logo\":{\"@type\":\"ImageObject\",\"inLanguage\":\"tr\",\"@id\":\"https:\\\/\\\/artavise.com\\\/#\\\/schema\\\/logo\\\/image\\\/\",\"url\":\"https:\\\/\\\/artavise.com\\\/wp-content\\\/uploads\\\/2024\\\/05\\\/logo_transparent-cropped.png\",\"contentUrl\":\"https:\\\/\\\/artavise.com\\\/wp-content\\\/uploads\\\/2024\\\/05\\\/logo_transparent-cropped.png\",\"width\":814,\"height\":220,\"caption\":\"Artavise Management Consulting\"},\"image\":{\"@id\":\"https:\\\/\\\/artavise.com\\\/#\\\/schema\\\/logo\\\/image\\\/\"}}]}<\/script>\n<!-- \/ Yoast SEO plugin. -->","yoast_head_json":{"title":"Privacy Policy - Artavise Management Consulting","robots":{"index":"index","follow":"follow","max-snippet":"max-snippet:-1","max-image-preview":"max-image-preview:large","max-video-preview":"max-video-preview:-1"},"canonical":"https:\/\/artavise.com\/tr\/privacy-policy\/","og_locale":"tr_TR","og_type":"article","og_title":"Privacy Policy - Artavise Management Consulting","og_description":"Effective Date: May 1, 2024 Introduction Welcome to Artavise.com (&#8220;Website&#8221;), owned and operated by Artavise (&#8220;Company&#8221;). Your privacy is of utmost importance [&hellip;]","og_url":"https:\/\/artavise.com\/tr\/privacy-policy\/","og_site_name":"Artavise Management Consulting","article_modified_time":"2024-05-17T08:49:28+00:00","twitter_card":"summary_large_image","twitter_misc":{"Tahmini okuma s\u00fcresi":"3 dakika"},"schema":{"@context":"https:\/\/schema.org","@graph":[{"@type":"WebPage","@id":"https:\/\/artavise.com\/privacy-policy\/","url":"https:\/\/artavise.com\/privacy-policy\/","name":"Privacy Policy - Artavise Management Consulting","isPartOf":{"@id":"https:\/\/artavise.com\/#website"},"datePublished":"2024-04-25T02:06:33+00:00","dateModified":"2024-05-17T08:49:28+00:00","breadcrumb":{"@id":"https:\/\/artavise.com\/privacy-policy\/#breadcrumb"},"inLanguage":"tr","potentialAction":[{"@type":"ReadAction","target":["https:\/\/artavise.com\/privacy-policy\/"]}]},{"@type":"BreadcrumbList","@id":"https:\/\/artavise.com\/privacy-policy\/#breadcrumb","itemListElement":[{"@type":"ListItem","position":1,"name":"Home","item":"https:\/\/artavise.com\/"},{"@type":"ListItem","position":2,"name":"Privacy Policy"}]},{"@type":"WebSite","@id":"https:\/\/artavise.com\/#website","url":"https:\/\/artavise.com\/","name":"Artavise Y\u00f6netim Dan\u0131\u015fmanl\u0131\u011f\u0131","description":"Insightful, dynamic guidance and vision in business decisions","publisher":{"@id":"https:\/\/artavise.com\/#organization"},"potentialAction":[{"@type":"SearchAction","target":{"@type":"EntryPoint","urlTemplate":"https:\/\/artavise.com\/?s={search_term_string}"},"query-input":{"@type":"PropertyValueSpecification","valueRequired":true,"valueName":"search_term_string"}}],"inLanguage":"tr"},{"@type":"Organization","@id":"https:\/\/artavise.com\/#organization","name":"Artavise Y\u00f6netim Dan\u0131\u015fmanl\u0131\u011f\u0131","url":"https:\/\/artavise.com\/","logo":{"@type":"ImageObject","inLanguage":"tr","@id":"https:\/\/artavise.com\/#\/schema\/logo\/image\/","url":"https:\/\/artavise.com\/wp-content\/uploads\/2024\/05\/logo_transparent-cropped.png","contentUrl":"https:\/\/artavise.com\/wp-content\/uploads\/2024\/05\/logo_transparent-cropped.png","width":814,"height":220,"caption":"Artavise Management Consulting"},"image":{"@id":"https:\/\/artavise.com\/#\/schema\/logo\/image\/"}}]}},"jetpack_sharing_enabled":true,"_links":{"self":[{"href":"https:\/\/artavise.com\/tr\/wp-json\/wp\/v2\/pages\/3","targetHints":{"allow":["GET"]}}],"collection":[{"href":"https:\/\/artavise.com\/tr\/wp-json\/wp\/v2\/pages"}],"about":[{"href":"https:\/\/artavise.com\/tr\/wp-json\/wp\/v2\/types\/page"}],"author":[{"embeddable":true,"href":"https:\/\/artavise.com\/tr\/wp-json\/wp\/v2\/users\/1"}],"replies":[{"embeddable":true,"href":"https:\/\/artavise.com\/tr\/wp-json\/wp\/v2\/comments?post=3"}],"version-history":[{"count":5,"href":"https:\/\/artavise.com\/tr\/wp-json\/wp\/v2\/pages\/3\/revisions"}],"predecessor-version":[{"id":1919,"href":"https:\/\/artavise.com\/tr\/wp-json\/wp\/v2\/pages\/3\/revisions\/1919"}],"wp:attachment":[{"href":"https:\/\/artavise.com\/tr\/wp-json\/wp\/v2\/media?parent=3"}],"curies":[{"name":"wp","href":"https:\/\/api.w.org\/{rel}","templated":true}]}}