{"id":9,"date":"2024-05-09T10:45:02","date_gmt":"2024-05-09T10:45:02","guid":{"rendered":"http:\/\/xuf.uxb.mybluehost.me\/contact\/"},"modified":"2024-09-11T22:00:11","modified_gmt":"2024-09-11T19:00:11","slug":"contact-2","status":"publish","type":"page","link":"https:\/\/artavise.com\/tr\/contact-2\/","title":{"rendered":"\u0130leti\u015fim"},"content":{"rendered":"<div data-elementor-type=\"wp-page\" data-elementor-id=\"9\" class=\"elementor elementor-9\">\n\t\t\t\t<div class=\"elementor-element elementor-element-4adb9db6 e-flex e-con-boxed e-con e-parent\" data-id=\"4adb9db6\" data-element_type=\"container\" data-e-type=\"container\" data-settings=\"{&quot;background_background&quot;:&quot;gradient&quot;}\">\n\t\t\t\t\t<div class=\"e-con-inner\">\n\t\t\t\t<div class=\"elementor-element elementor-element-16824561 elementor-widget elementor-widget-text-editor\" data-id=\"16824561\" data-element_type=\"widget\" data-e-type=\"widget\" data-widget_type=\"text-editor.default\">\n\t\t\t\t<div class=\"elementor-widget-container\">\n\t\t\t\t\t\t\t\t\t<p><\/p>\n<p>Sorular\u0131n\u0131z\u0131 yan\u0131tlamak, hikayenizi dinlemek ve i\u015finize yard\u0131mc\u0131 olmak i\u00e7in buraday\u0131z.<\/p>\n<p><span style=\"background-color: transparent;\">levent.unal@artavise.com<\/span><\/p>\n<p><a href=\"https:\/\/www.linkedin.com\/company\/artavise\/\" target=\"_blank\" rel=\"noopener\">LinkedIn sayfam\u0131z i\u00e7in t\u0131klay\u0131n<\/a><\/p>\n<p><\/p>\t\t\t\t\t\t\t\t<\/div>\n\t\t\t\t<\/div>\n\t\t\t\t\t<\/div>\n\t\t\t\t<\/div>\n\t\t\t\t<\/div>","protected":false},"excerpt":{"rendered":"<p>We&#8217;d love to hear from you! We&#8217;re here to answer your questions, listen to your story and help with your business. levent.unal@artavise.com [&hellip;]<\/p>\n","protected":false},"author":1,"featured_media":0,"parent":0,"menu_order":0,"comment_status":"closed","ping_status":"closed","template":"","meta":{"nf_dc_page":"","content-type":"","footnotes":""},"class_list":["post-9","page","type-page","status-publish","hentry"],"yoast_head":"<!-- This site is optimized with the Yoast SEO plugin v27.4 - https:\/\/yoast.com\/product\/yoast-seo-wordpress\/ -->\n<title>Contact - Artavise Management Consulting<\/title>\n<meta name=\"robots\" content=\"index, follow, max-snippet:-1, max-image-preview:large, max-video-preview:-1\" \/>\n<link rel=\"canonical\" href=\"https:\/\/artavise.com\/tr\/contact-2\/\" \/>\n<meta property=\"og:locale\" content=\"tr_TR\" \/>\n<meta property=\"og:type\" content=\"article\" \/>\n<meta property=\"og:title\" content=\"Contact - Artavise Management Consulting\" \/>\n<meta property=\"og:description\" content=\"We&#8217;d love to hear from you! We&#8217;re here to answer your questions, listen to your story and help with your business. levent.unal@artavise.com [&hellip;]\" \/>\n<meta property=\"og:url\" content=\"https:\/\/artavise.com\/tr\/contact-2\/\" \/>\n<meta property=\"og:site_name\" content=\"Artavise Management Consulting\" \/>\n<meta property=\"article:modified_time\" content=\"2024-09-11T19:00:11+00:00\" \/>\n<meta name=\"twitter:card\" content=\"summary_large_image\" \/>\n<meta name=\"twitter:label1\" content=\"Tahmini okuma s\u00fcresi\" \/>\n\t<meta name=\"twitter:data1\" content=\"1 dakika\" \/>\n<script type=\"application\/ld+json\" class=\"yoast-schema-graph\">{\"@context\":\"https:\\\/\\\/schema.org\",\"@graph\":[{\"@type\":\"WebPage\",\"@id\":\"https:\\\/\\\/artavise.com\\\/contact-2\\\/\",\"url\":\"https:\\\/\\\/artavise.com\\\/contact-2\\\/\",\"name\":\"Contact - Artavise Management Consulting\",\"isPartOf\":{\"@id\":\"https:\\\/\\\/artavise.com\\\/#website\"},\"datePublished\":\"2024-05-09T10:45:02+00:00\",\"dateModified\":\"2024-09-11T19:00:11+00:00\",\"breadcrumb\":{\"@id\":\"https:\\\/\\\/artavise.com\\\/contact-2\\\/#breadcrumb\"},\"inLanguage\":\"tr\",\"potentialAction\":[{\"@type\":\"ReadAction\",\"target\":[\"https:\\\/\\\/artavise.com\\\/contact-2\\\/\"]}]},{\"@type\":\"BreadcrumbList\",\"@id\":\"https:\\\/\\\/artavise.com\\\/contact-2\\\/#breadcrumb\",\"itemListElement\":[{\"@type\":\"ListItem\",\"position\":1,\"name\":\"Home\",\"item\":\"https:\\\/\\\/artavise.com\\\/\"},{\"@type\":\"ListItem\",\"position\":2,\"name\":\"Contact\"}]},{\"@type\":\"WebSite\",\"@id\":\"https:\\\/\\\/artavise.com\\\/#website\",\"url\":\"https:\\\/\\\/artavise.com\\\/\",\"name\":\"Artavise Management Consulting\",\"description\":\"Insightful, dynamic guidance and vision in business decisions\",\"publisher\":{\"@id\":\"https:\\\/\\\/artavise.com\\\/#organization\"},\"potentialAction\":[{\"@type\":\"SearchAction\",\"target\":{\"@type\":\"EntryPoint\",\"urlTemplate\":\"https:\\\/\\\/artavise.com\\\/?s={search_term_string}\"},\"query-input\":{\"@type\":\"PropertyValueSpecification\",\"valueRequired\":true,\"valueName\":\"search_term_string\"}}],\"inLanguage\":\"tr\"},{\"@type\":\"Organization\",\"@id\":\"https:\\\/\\\/artavise.com\\\/#organization\",\"name\":\"Artavise Management Consulting\",\"url\":\"https:\\\/\\\/artavise.com\\\/\",\"logo\":{\"@type\":\"ImageObject\",\"inLanguage\":\"tr\",\"@id\":\"https:\\\/\\\/artavise.com\\\/#\\\/schema\\\/logo\\\/image\\\/\",\"url\":\"https:\\\/\\\/artavise.com\\\/wp-content\\\/uploads\\\/2024\\\/05\\\/logo_transparent-cropped.png\",\"contentUrl\":\"https:\\\/\\\/artavise.com\\\/wp-content\\\/uploads\\\/2024\\\/05\\\/logo_transparent-cropped.png\",\"width\":814,\"height\":220,\"caption\":\"Artavise Management Consulting\"},\"image\":{\"@id\":\"https:\\\/\\\/artavise.com\\\/#\\\/schema\\\/logo\\\/image\\\/\"}}]}<\/script>\n<!-- \/ Yoast SEO plugin. -->","yoast_head_json":{"title":"Contact - Artavise Management Consulting","robots":{"index":"index","follow":"follow","max-snippet":"max-snippet:-1","max-image-preview":"max-image-preview:large","max-video-preview":"max-video-preview:-1"},"canonical":"https:\/\/artavise.com\/tr\/contact-2\/","og_locale":"tr_TR","og_type":"article","og_title":"Contact - Artavise Management Consulting","og_description":"We&#8217;d love to hear from you! We&#8217;re here to answer your questions, listen to your story and help with your business. levent.unal@artavise.com [&hellip;]","og_url":"https:\/\/artavise.com\/tr\/contact-2\/","og_site_name":"Artavise Management Consulting","article_modified_time":"2024-09-11T19:00:11+00:00","twitter_card":"summary_large_image","twitter_misc":{"Tahmini okuma s\u00fcresi":"1 dakika"},"schema":{"@context":"https:\/\/schema.org","@graph":[{"@type":"WebPage","@id":"https:\/\/artavise.com\/contact-2\/","url":"https:\/\/artavise.com\/contact-2\/","name":"Contact - Artavise Management Consulting","isPartOf":{"@id":"https:\/\/artavise.com\/#website"},"datePublished":"2024-05-09T10:45:02+00:00","dateModified":"2024-09-11T19:00:11+00:00","breadcrumb":{"@id":"https:\/\/artavise.com\/contact-2\/#breadcrumb"},"inLanguage":"tr","potentialAction":[{"@type":"ReadAction","target":["https:\/\/artavise.com\/contact-2\/"]}]},{"@type":"BreadcrumbList","@id":"https:\/\/artavise.com\/contact-2\/#breadcrumb","itemListElement":[{"@type":"ListItem","position":1,"name":"Home","item":"https:\/\/artavise.com\/"},{"@type":"ListItem","position":2,"name":"Contact"}]},{"@type":"WebSite","@id":"https:\/\/artavise.com\/#website","url":"https:\/\/artavise.com\/","name":"Artavise Y\u00f6netim Dan\u0131\u015fmanl\u0131\u011f\u0131","description":"Insightful, dynamic guidance and vision in business decisions","publisher":{"@id":"https:\/\/artavise.com\/#organization"},"potentialAction":[{"@type":"SearchAction","target":{"@type":"EntryPoint","urlTemplate":"https:\/\/artavise.com\/?s={search_term_string}"},"query-input":{"@type":"PropertyValueSpecification","valueRequired":true,"valueName":"search_term_string"}}],"inLanguage":"tr"},{"@type":"Organization","@id":"https:\/\/artavise.com\/#organization","name":"Artavise Y\u00f6netim Dan\u0131\u015fmanl\u0131\u011f\u0131","url":"https:\/\/artavise.com\/","logo":{"@type":"ImageObject","inLanguage":"tr","@id":"https:\/\/artavise.com\/#\/schema\/logo\/image\/","url":"https:\/\/artavise.com\/wp-content\/uploads\/2024\/05\/logo_transparent-cropped.png","contentUrl":"https:\/\/artavise.com\/wp-content\/uploads\/2024\/05\/logo_transparent-cropped.png","width":814,"height":220,"caption":"Artavise Management Consulting"},"image":{"@id":"https:\/\/artavise.com\/#\/schema\/logo\/image\/"}}]}},"jetpack_sharing_enabled":true,"_links":{"self":[{"href":"https:\/\/artavise.com\/tr\/wp-json\/wp\/v2\/pages\/9","targetHints":{"allow":["GET"]}}],"collection":[{"href":"https:\/\/artavise.com\/tr\/wp-json\/wp\/v2\/pages"}],"about":[{"href":"https:\/\/artavise.com\/tr\/wp-json\/wp\/v2\/types\/page"}],"author":[{"embeddable":true,"href":"https:\/\/artavise.com\/tr\/wp-json\/wp\/v2\/users\/1"}],"replies":[{"embeddable":true,"href":"https:\/\/artavise.com\/tr\/wp-json\/wp\/v2\/comments?post=9"}],"version-history":[{"count":5,"href":"https:\/\/artavise.com\/tr\/wp-json\/wp\/v2\/pages\/9\/revisions"}],"predecessor-version":[{"id":2352,"href":"https:\/\/artavise.com\/tr\/wp-json\/wp\/v2\/pages\/9\/revisions\/2352"}],"wp:attachment":[{"href":"https:\/\/artavise.com\/tr\/wp-json\/wp\/v2\/media?parent=9"}],"curies":[{"name":"wp","href":"https:\/\/api.w.org\/{rel}","templated":true}]}}